{"id":17,"date":"2017-01-06T12:15:18","date_gmt":"2017-01-06T11:15:18","guid":{"rendered":"http:\/\/smr-industries.fr\/index.html\/?page_id=17"},"modified":"2026-05-04T10:58:30","modified_gmt":"2026-05-04T08:58:30","slug":"accueil","status":"publish","type":"page","link":"https:\/\/smr-industries.fr\/index.html\/","title":{"rendered":"Accueil"},"content":{"rendered":"<p>Nos Prestations Notre entreprise d\u00e9veloppe les savoir-faire de ses collaborateurs au service vos besoins. News N&#8217;h\u00e9sitez pas \u00e0 nous suivre sur les r\u00e9seaux sociaux. Depuis le d\u00e9but de l&#8217;ann\u00e9e 2025, la SMR a rachet\u00e9 la soci\u00e9t\u00e9 LMNT, r\u00e9f\u00e9rence incontournable da <a href=\"https:\/\/smr-industries.fr\/index.html\/\" title=\"Read more on Accueil\" class=\"more-link\">read more<\/a><\/p>\n","protected":false},"excerpt":{"rendered":"<p>Nos Prestations Notre entreprise d\u00e9veloppe les savoir-faire de ses collaborateurs au service vos besoins. News N&#8217;h\u00e9sitez pas \u00e0 nous suivre sur les r\u00e9seaux sociaux. Depuis le d\u00e9but de l&#8217;ann\u00e9e 2025, la SMR a rachet\u00e9 la soci\u00e9t\u00e9 LMNT, r\u00e9f\u00e9rence incontournable da read more<\/p>\n","protected":false},"author":1,"featured_media":0,"parent":0,"menu_order":1,"comment_status":"closed","ping_status":"closed","template":"","meta":[],"_links":{"self":[{"href":"https:\/\/smr-industries.fr\/index.html\/wp-json\/wp\/v2\/pages\/17"}],"collection":[{"href":"https:\/\/smr-industries.fr\/index.html\/wp-json\/wp\/v2\/pages"}],"about":[{"href":"https:\/\/smr-industries.fr\/index.html\/wp-json\/wp\/v2\/types\/page"}],"author":[{"embeddable":true,"href":"https:\/\/smr-industries.fr\/index.html\/wp-json\/wp\/v2\/users\/1"}],"replies":[{"embeddable":true,"href":"https:\/\/smr-industries.fr\/index.html\/wp-json\/wp\/v2\/comments?post=17"}],"version-history":[{"count":488,"href":"https:\/\/smr-industries.fr\/index.html\/wp-json\/wp\/v2\/pages\/17\/revisions"}],"predecessor-version":[{"id":2663,"href":"https:\/\/smr-industries.fr\/index.html\/wp-json\/wp\/v2\/pages\/17\/revisions\/2663"}],"wp:attachment":[{"href":"https:\/\/smr-industries.fr\/index.html\/wp-json\/wp\/v2\/media?parent=17"}],"curies":[{"name":"wp","href":"https:\/\/api.w.org\/{rel}","templated":true}]}}