{"id":2122,"date":"2020-03-25T11:28:48","date_gmt":"2020-03-25T10:28:48","guid":{"rendered":"https:\/\/smr-industries.fr\/index.html\/?page_id=2122"},"modified":"2020-09-30T10:17:47","modified_gmt":"2020-09-30T08:17:47","slug":"sponsoring","status":"publish","type":"page","link":"https:\/\/smr-industries.fr\/index.html\/sponsoring\/","title":{"rendered":"Sponsoring"},"content":{"rendered":"<p>Sponsoring Le contrat de sponsoring La SMR Industries (Soci\u00e9t\u00e9 M\u00e9diterran\u00e9enne de Reconditionnement) souhaite renforcer ses relations avec ses partenaires et conclut ainsi plusieurs contrats de sponsoring. ASSOCIATION RACING MOTORS DEVELOPPEMENT En fournissant le protox <a href=\"https:\/\/smr-industries.fr\/index.html\/sponsoring\/\" title=\"Read more on Sponsoring\" class=\"more-link\">read more<\/a><\/p>\n","protected":false},"excerpt":{"rendered":"<p>Sponsoring Le contrat de sponsoring La SMR Industries (Soci\u00e9t\u00e9 M\u00e9diterran\u00e9enne de Reconditionnement) souhaite renforcer ses relations avec ses partenaires et conclut ainsi plusieurs contrats de sponsoring. ASSOCIATION RACING MOTORS DEVELOPPEMENT En fournissant le protox read more<\/p>\n","protected":false},"author":1,"featured_media":0,"parent":0,"menu_order":2,"comment_status":"closed","ping_status":"closed","template":"","meta":[],"_links":{"self":[{"href":"https:\/\/smr-industries.fr\/index.html\/wp-json\/wp\/v2\/pages\/2122"}],"collection":[{"href":"https:\/\/smr-industries.fr\/index.html\/wp-json\/wp\/v2\/pages"}],"about":[{"href":"https:\/\/smr-industries.fr\/index.html\/wp-json\/wp\/v2\/types\/page"}],"author":[{"embeddable":true,"href":"https:\/\/smr-industries.fr\/index.html\/wp-json\/wp\/v2\/users\/1"}],"replies":[{"embeddable":true,"href":"https:\/\/smr-industries.fr\/index.html\/wp-json\/wp\/v2\/comments?post=2122"}],"version-history":[{"count":29,"href":"https:\/\/smr-industries.fr\/index.html\/wp-json\/wp\/v2\/pages\/2122\/revisions"}],"predecessor-version":[{"id":2245,"href":"https:\/\/smr-industries.fr\/index.html\/wp-json\/wp\/v2\/pages\/2122\/revisions\/2245"}],"wp:attachment":[{"href":"https:\/\/smr-industries.fr\/index.html\/wp-json\/wp\/v2\/media?parent=2122"}],"curies":[{"name":"wp","href":"https:\/\/api.w.org\/{rel}","templated":true}]}}